{"id":654,"date":"2024-06-27T16:01:02","date_gmt":"2024-06-27T14:01:02","guid":{"rendered":"http:\/\/gsn-rdc.org\/?page_id=654"},"modified":"2024-06-28T20:44:59","modified_gmt":"2024-06-28T18:44:59","slug":"sensibilisations","status":"publish","type":"page","link":"https:\/\/gsn-rdc.org\/index.php\/sensibilisations\/","title":{"rendered":"Activit\u00e9s en vid\u00e9o"},"content":{"rendered":"\n<p class=\"has-text-align-center has-medium-font-size\"><strong>Sensibilisation<\/strong><\/p>\n\n\n\n<p>\u00ab\u00a0FUCK LE PLASTIQUE\u00a0\u00bb est un film de sensibilisation de la population et des gouvernants de la ville de Kinshasa \u00e0 la pollution plastique qui est devenu un v\u00e9ritable fl\u00e9au dans cette agglom\u00e9ration d&rsquo;environ 10 millions d&rsquo;habitants (<a href=\"https:\/\/youtu.be\/txU_KHNjsRQ\" target=\"_blank\" rel=\"noreferrer noopener\">Cliquez ici pour visionner le film complet.<\/a>).<\/p>\n\n\n\n<figure class=\"wp-block-video\"><video height=\"1080\" style=\"aspect-ratio: 1920 \/ 1080;\" width=\"1920\" controls src=\"http:\/\/gsn-rdc.org\/wp-content\/uploads\/2024\/06\/MVI_5255.mov\"><\/video><\/figure>\n\n\n\n<p><\/p>\n\n\n\n<p class=\"has-text-align-center has-medium-font-size\"><strong>Lutte contre la d\u00e9forestation<\/strong><\/p>\n\n\n\n<p>Avec l&rsquo;appui de l&rsquo;ambassade de la R\u00e9publique F\u00e9d\u00e9rale d&rsquo;Allemagne en R\u00e9publique D\u00e9mocratique du Congo, Green Space Network a mis en \u0153uvre un projet d&rsquo;installation de biodigesteurs pour des villages du Plateau des Bat\u00e9k\u00e9 dans la p\u00e9riph\u00e9rie de la capitale Kinshasa. Il s&rsquo;agissait de donner une alternative \u00e0 la coupe du bois de chauffe par la population pour les besoins de cuisson et r\u00e9duire ainsi la pression sur la for\u00eat environnante (<a href=\"https:\/\/youtu.be\/Mav01lpix2Q\" target=\"_blank\" rel=\"noreferrer noopener\">cliquer ici pour visionner le film au complet<\/a>).<\/p>\n","protected":false},"excerpt":{"rendered":"<p>Sensibilisation \u00ab\u00a0FUCK LE PLASTIQUE\u00a0\u00bb est un film de sensibilisation de la population et des gouvernants de la ville de Kinshasa \u00e0 la pollution plastique qui<\/p>\n","protected":false},"author":1,"featured_media":0,"parent":0,"menu_order":0,"comment_status":"closed","ping_status":"closed","template":"","meta":{"ngg_post_thumbnail":0,"footnotes":""},"class_list":["post-654","page","type-page","status-publish","hentry"],"_links":{"self":[{"href":"https:\/\/gsn-rdc.org\/index.php\/wp-json\/wp\/v2\/pages\/654","targetHints":{"allow":["GET"]}}],"collection":[{"href":"https:\/\/gsn-rdc.org\/index.php\/wp-json\/wp\/v2\/pages"}],"about":[{"href":"https:\/\/gsn-rdc.org\/index.php\/wp-json\/wp\/v2\/types\/page"}],"author":[{"embeddable":true,"href":"https:\/\/gsn-rdc.org\/index.php\/wp-json\/wp\/v2\/users\/1"}],"replies":[{"embeddable":true,"href":"https:\/\/gsn-rdc.org\/index.php\/wp-json\/wp\/v2\/comments?post=654"}],"version-history":[{"count":8,"href":"https:\/\/gsn-rdc.org\/index.php\/wp-json\/wp\/v2\/pages\/654\/revisions"}],"predecessor-version":[{"id":697,"href":"https:\/\/gsn-rdc.org\/index.php\/wp-json\/wp\/v2\/pages\/654\/revisions\/697"}],"wp:attachment":[{"href":"https:\/\/gsn-rdc.org\/index.php\/wp-json\/wp\/v2\/media?parent=654"}],"curies":[{"name":"wp","href":"https:\/\/api.w.org\/{rel}","templated":true}]}}